{"id":43,"date":"2024-08-05T14:31:42","date_gmt":"2024-08-05T14:31:42","guid":{"rendered":"https:\/\/3h-graphene.com\/about\/"},"modified":"2024-08-21T09:14:56","modified_gmt":"2024-08-21T01:14:56","slug":"about","status":"publish","type":"page","link":"https:\/\/3h-graphene.com\/fr\/about\/","title":{"rendered":"A propos de"},"content":{"rendered":"<div data-elementor-type=\"wp-post\" data-elementor-id=\"43\" class=\"elementor elementor-43\" data-elementor-post-type=\"page\">\n\t\t\t\t<div class=\"elementor-element elementor-element-79b68a0 e-flex e-con-boxed e-con e-parent\" data-id=\"79b68a0\" data-element_type=\"container\" data-settings=\"{&quot;background_background&quot;:&quot;classic&quot;}\">\n\t\t\t\t\t<div class=\"e-con-inner\">\n\t\t<div class=\"elementor-element elementor-element-991f51b e-con-full e-flex e-con e-child\" data-id=\"991f51b\" data-element_type=\"container\">\n\t\t\t\t<div class=\"elementor-element elementor-element-61a32d0 elementor-widget elementor-widget-heading\" data-id=\"61a32d0\" data-element_type=\"widget\" data-widget_type=\"heading.default\">\n\t\t\t\t<div class=\"elementor-widget-container\">\n\t\t\t\t\t<h1 class=\"elementor-heading-title elementor-size-default\">\u00c0 propos de nous<\/h1>\t\t\t\t<\/div>\n\t\t\t\t<\/div>\n\t\t\t\t<\/div>\n\t\t\t\t\t<\/div>\n\t\t\t\t<\/div>\n\t\t<div class=\"elementor-element elementor-element-d6f8f8d e-con-full e-flex e-con e-parent\" data-id=\"d6f8f8d\" data-element_type=\"container\" data-settings=\"{&quot;background_background&quot;:&quot;classic&quot;}\">\n\t\t<div class=\"elementor-element elementor-element-af42f05 e-con-full e-flex e-con e-child\" data-id=\"af42f05\" data-element_type=\"container\">\n\t\t<div class=\"elementor-element elementor-element-2a11bca e-con-full e-flex e-con e-child\" data-id=\"2a11bca\" data-element_type=\"container\">\n\t\t<div class=\"elementor-element elementor-element-b4b1dc6 e-con-full e-flex e-con e-child\" data-id=\"b4b1dc6\" data-element_type=\"container\" data-settings=\"{&quot;background_background&quot;:&quot;classic&quot;}\">\n\t\t\t\t<div class=\"elementor-element elementor-element-c16320b elementor-widget-divider--view-line elementor-widget elementor-widget-divider\" data-id=\"c16320b\" data-element_type=\"widget\" data-widget_type=\"divider.default\">\n\t\t\t\t<div class=\"elementor-widget-container\">\n\t\t\t\t\t\t\t<div class=\"elementor-divider\">\n\t\t\t<span class=\"elementor-divider-separator\">\n\t\t\t\t\t\t<\/span>\n\t\t<\/div>\n\t\t\t\t\t\t<\/div>\n\t\t\t\t<\/div>\n\t\t\t\t<div class=\"elementor-element elementor-element-4ecfbe7 elementor-widget elementor-widget-image-box\" data-id=\"4ecfbe7\" data-element_type=\"widget\" data-widget_type=\"image-box.default\">\n\t\t\t\t<div class=\"elementor-widget-container\">\n\t\t\t\t\t<div class=\"elementor-image-box-wrapper\"><div class=\"elementor-image-box-content\"><h2 class=\"elementor-image-box-title\">Vision &amp; Mission<\/h2><p class=\"elementor-image-box-description\">Culture d'entreprise :\n<br>\nLe groupe technologique 3H de Singapour met l'accent sur l'innovation, la sant\u00e9 et la responsabilit\u00e9. Nous croyons en la transformation des technologies de pointe en solutions pratiques pour am\u00e9liorer la qualit\u00e9 de vie dans le monde, en promouvant la collaboration, l'apprentissage continu et l'excellence.\n<br>\n<br>\nValeurs fondamentales :\n<br>\nInnovation : Leader dans la technologie du graph\u00e8ne et des ions n\u00e9gatifs pour faire progresser la sant\u00e9 humaine.\nLa sant\u00e9 avant tout : Fournir des solutions s\u00fbres et efficaces pour une meilleure qualit\u00e9 de vie.\nResponsabilit\u00e9 : S'engager dans des pratiques durables et minimiser l'impact sur l'environnement.\nOrientation client : Priorit\u00e9 aux besoins des clients avec un service personnalis\u00e9 et exceptionnel.\n<br>\n<br>\nVision :\n<br>\n\u00catre un leader mondial dans le domaine des technologies de la sant\u00e9, en innovant pour un avenir plus sain et plus durable pour tous.<\/p><\/div><\/div>\t\t\t\t<\/div>\n\t\t\t\t<\/div>\n\t\t\t\t<\/div>\n\t\t<div class=\"elementor-element elementor-element-d8389aa e-con-full e-flex e-con e-child\" data-id=\"d8389aa\" data-element_type=\"container\" data-settings=\"{&quot;background_background&quot;:&quot;classic&quot;}\">\n\t\t\t\t<div class=\"elementor-element elementor-element-8b27a23 elementor-widget elementor-widget-image\" data-id=\"8b27a23\" data-element_type=\"widget\" data-widget_type=\"image.default\">\n\t\t\t\t<div class=\"elementor-widget-container\">\n\t\t\t\t\t\t\t\t\t\t\t\t\t\t\t<img fetchpriority=\"high\" decoding=\"async\" width=\"1024\" height=\"683\" src=\"https:\/\/3h-graphene.com\/wp-content\/uploads\/2024\/08\/strength-people-hands-success-meeting-1024x683.jpg\" class=\"attachment-large size-large wp-image-4638\" alt=\"\" srcset=\"https:\/\/3h-graphene.com\/wp-content\/uploads\/2024\/08\/strength-people-hands-success-meeting-1024x683.jpg 1024w, https:\/\/3h-graphene.com\/wp-content\/uploads\/2024\/08\/strength-people-hands-success-meeting-300x200.jpg 300w, https:\/\/3h-graphene.com\/wp-content\/uploads\/2024\/08\/strength-people-hands-success-meeting-768x513.jpg 768w, https:\/\/3h-graphene.com\/wp-content\/uploads\/2024\/08\/strength-people-hands-success-meeting-1536x1025.jpg 1536w, https:\/\/3h-graphene.com\/wp-content\/uploads\/2024\/08\/strength-people-hands-success-meeting-2048x1367.jpg 2048w, https:\/\/3h-graphene.com\/wp-content\/uploads\/2024\/08\/strength-people-hands-success-meeting-18x12.jpg 18w, https:\/\/3h-graphene.com\/wp-content\/uploads\/2024\/08\/strength-people-hands-success-meeting-600x400.jpg 600w\" sizes=\"(max-width: 1024px) 100vw, 1024px\" \/>\t\t\t\t\t\t\t\t\t\t\t\t\t\t\t<\/div>\n\t\t\t\t<\/div>\n\t\t\t\t<\/div>\n\t\t\t\t<\/div>\n\t\t\t\t<\/div>\n\t\t\t\t<\/div>\n\t\t<div class=\"elementor-element elementor-element-25eeec2 e-flex e-con-boxed e-con e-parent\" data-id=\"25eeec2\" data-element_type=\"container\" data-settings=\"{&quot;background_background&quot;:&quot;classic&quot;}\">\n\t\t\t\t\t<div class=\"e-con-inner\">\n\t\t<div class=\"elementor-element elementor-element-8d6e746 e-con-full e-flex e-con e-child\" data-id=\"8d6e746\" data-element_type=\"container\" data-settings=\"{&quot;background_background&quot;:&quot;classic&quot;}\">\n\t\t\t\t<div class=\"elementor-element elementor-element-3b52d52 elementor-widget-divider--view-line elementor-widget elementor-widget-divider\" data-id=\"3b52d52\" data-element_type=\"widget\" data-widget_type=\"divider.default\">\n\t\t\t\t<div class=\"elementor-widget-container\">\n\t\t\t\t\t\t\t<div class=\"elementor-divider\">\n\t\t\t<span class=\"elementor-divider-separator\">\n\t\t\t\t\t\t<\/span>\n\t\t<\/div>\n\t\t\t\t\t\t<\/div>\n\t\t\t\t<\/div>\n\t\t\t\t<div class=\"elementor-element elementor-element-d5eb90c elementor-widget elementor-widget-heading\" data-id=\"d5eb90c\" data-element_type=\"widget\" data-widget_type=\"heading.default\">\n\t\t\t\t<div class=\"elementor-widget-container\">\n\t\t\t\t\t<h2 class=\"elementor-heading-title elementor-size-default\">Suivez-nous<\/h2>\t\t\t\t<\/div>\n\t\t\t\t<\/div>\n\t\t\t\t<div class=\"elementor-element elementor-element-5486d17 elementor-shape-rounded elementor-grid-0 e-grid-align-center elementor-widget elementor-widget-social-icons\" data-id=\"5486d17\" data-element_type=\"widget\" data-widget_type=\"social-icons.default\">\n\t\t\t\t<div class=\"elementor-widget-container\">\n\t\t\t\t\t\t\t<div class=\"elementor-social-icons-wrapper elementor-grid\" role=\"list\">\n\t\t\t\t\t\t\t<span class=\"elementor-grid-item\" role=\"listitem\">\n\t\t\t\t\t<a class=\"elementor-icon elementor-social-icon elementor-social-icon-facebook-f elementor-repeater-item-9e740e1\" href=\"https:\/\/www.facebook.com\/3H8SG?mibextid=LQQJ4d\">\n\t\t\t\t\t\t<span class=\"elementor-screen-only\">Facebook-f<\/span>\n\t\t\t\t\t\t<svg aria-hidden=\"true\" class=\"e-font-icon-svg e-fab-facebook-f\" viewbox=\"0 0 320 512\" xmlns=\"http:\/\/www.w3.org\/2000\/svg\"><path d=\"M279.14 288l14.22-92.66h-88.91v-60.13c0-25.35 12.42-50.06 52.24-50.06h40.42V6.26S260.43 0 225.36 0c-73.22 0-121.08 44.38-121.08 124.72v70.62H22.89V288h81.39v224h100.17V288z\"><\/path><\/svg>\t\t\t\t\t<\/a>\n\t\t\t\t<\/span>\n\t\t\t\t\t\t\t<span class=\"elementor-grid-item\" role=\"listitem\">\n\t\t\t\t\t<a class=\"elementor-icon elementor-social-icon elementor-social-icon-tiktok elementor-repeater-item-65ca331\" href=\"https:\/\/www.tiktok.com\/@3hsghealth?_t=8ouK0aYoHJJ&#038;_r=1\">\n\t\t\t\t\t\t<span class=\"elementor-screen-only\">Tiktok<\/span>\n\t\t\t\t\t\t<svg aria-hidden=\"true\" class=\"e-font-icon-svg e-fab-tiktok\" viewbox=\"0 0 448 512\" xmlns=\"http:\/\/www.w3.org\/2000\/svg\"><path d=\"M448,209.91a210.06,210.06,0,0,1-122.77-39.25V349.38A162.55,162.55,0,1,1,185,188.31V278.2a74.62,74.62,0,1,0,52.23,71.18V0l88,0a121.18,121.18,0,0,0,1.86,22.17h0A122.18,122.18,0,0,0,381,102.39a121.43,121.43,0,0,0,67,20.14Z\"><\/path><\/svg>\t\t\t\t\t<\/a>\n\t\t\t\t<\/span>\n\t\t\t\t\t\t\t<span class=\"elementor-grid-item\" role=\"listitem\">\n\t\t\t\t\t<a class=\"elementor-icon elementor-social-icon elementor-social-icon- elementor-repeater-item-347f36d\" href=\"https:\/\/shopee.sg\/3h_sg?entryPoint=ShopBySearch&#038;searchKeyword=3h%20sg\">\n\t\t\t\t\t\t<span class=\"elementor-screen-only\"><\/span>\n\t\t\t\t\t\t<svg xmlns=\"http:\/\/www.w3.org\/2000\/svg\" id=\"Layer_1\" data-name=\"Layer 1\" viewbox=\"0 0 267.33 300\"><defs><style>.cls-1{fill:#fff;}<\/style><\/defs><title>shopee<\/title><path d=\"M558.36,433.27h9.16c17.69,0,35.39,0,53.09.05,9.19.05,13.51,4.25,13,13.51-1,18-2.4,35.92-3.67,53.88q-1.62,23-3.3,45.95c-1.55,20.91-3,41.84-4.83,62.72-.63,7-1.64,14.18-4,20.71C613,643.21,602.24,650,588.25,650q-87.58,0-175.17,0c-19.6,0-32.23-11.31-33.89-30.81-1.94-22.88-3.37-45.8-5.09-68.69q-2.82-37.79-5.75-75.57c-.7-9.22-1.42-18.44-2-27.67-.51-8.32,4.73-13.89,13.1-13.92,19-.07,38-.16,57.06.05,4.5.05,6-1.29,6.14-5.85.7-17.55,4.88-34.28,13.51-49.7,6.94-12.4,16.59-21.73,30.56-25.88,18.79-5.58,38.28,1.14,50.89,17.81,11.79,15.6,17.35,33.59,19.59,52.77C557.62,425.92,557.94,429.34,558.36,433.27Zm-58.4,0c13.07,0,26.13,0,39.19,0,2.8,0,4.93-.3,4.47-4-1.71-14-4.13-27.78-10.43-40.55-5.42-11-12.59-20.49-25.23-23.51-15.42-3.69-29.64,3.07-38.47,17.83-8.52,14.24-11.75,30-12.74,46.32-.23,3.76,1.75,4,4.53,4C474.17,433.24,487.07,433.27,500,433.28Zm4.29,175.9c8.65.46,17.82-1.86,26.42-6.57a32.62,32.62,0,0,0,10.91-48.14C533,542.72,520.64,536.53,507.31,532c-9.75-3.29-19.34-6.8-27.37-13.51-9.87-8.24-10.31-19.9-.87-28.65,10.33-9.58,22.55-11.21,35.53-7.1,5.59,1.77,10.64,5.21,16.16,7.27,1.83.68,5.65.09,6.31-1.13,1.09-2,.64-5.06.25-7.58-.14-1-1.84-1.8-3-2.47-13.69-8.31-28.37-11.55-44.18-8.22-15.07,3.18-27,15.24-29,29.72-2.06,15.25,6,25.31,18.49,32.09,8.08,4.39,16.76,7.73,25.34,11.12,9.15,3.63,17.88,7.86,24.81,15,10.47,10.77,8.09,26.59-5,34-12.38,7-25.48,6.8-38.36,2.45-7.39-2.49-14.2-6.85-21.09-10.69-3.19-1.78-6-2.32-8.36.68s-1.51,6.2,1.43,8.68a30.46,30.46,0,0,0,3.16,2.39C474.27,604.25,487.83,609.39,504.25,609.18Z\" transform=\"translate(-366.33 -350)\"><\/path><path class=\"cls-1\" d=\"M504.25,609.18c-16.42.21-30-4.93-42.58-13.07a30.46,30.46,0,0,1-3.16-2.39c-2.94-2.48-3.86-5.55-1.43-8.68s5.17-2.46,8.36-.68c6.89,3.84,13.7,8.2,21.09,10.69,12.88,4.35,26,4.6,38.36-2.45,13.05-7.43,15.43-23.25,5-34-6.93-7.14-15.66-11.37-24.81-15-8.58-3.39-17.26-6.73-25.34-11.12-12.47-6.78-20.55-16.84-18.49-32.09,2-14.48,13.91-26.54,29-29.72,15.81-3.33,30.49-.09,44.18,8.22,1.11.67,2.81,1.51,3,2.47.39,2.52.84,5.57-.25,7.58-.66,1.22-4.48,1.81-6.31,1.13-5.52-2.06-10.57-5.5-16.16-7.27-13-4.11-25.2-2.48-35.53,7.1-9.44,8.75-9,20.41.87,28.65,8,6.71,17.62,10.22,27.37,13.51,13.33,4.49,25.7,10.68,34.27,22.43a32.62,32.62,0,0,1-10.91,48.14C522.07,607.32,512.9,609.64,504.25,609.18Z\" transform=\"translate(-366.33 -350)\"><\/path><\/svg>\t\t\t\t\t<\/a>\n\t\t\t\t<\/span>\n\t\t\t\t\t\t\t<span class=\"elementor-grid-item\" role=\"listitem\">\n\t\t\t\t\t<a class=\"elementor-icon elementor-social-icon elementor-social-icon- elementor-repeater-item-67153be\" href=\"https:\/\/www.lazada.sg\/shop\/3hsg\" target=\"_blank\">\n\t\t\t\t\t\t<span class=\"elementor-screen-only\"><\/span>\n\t\t\t\t\t\t<svg xmlns=\"http:\/\/www.w3.org\/2000\/svg\" id=\"Layer_1\" data-name=\"Layer 1\" viewbox=\"0 0 300.12 300\"><defs><style>.cls-1{fill:#fff;}<\/style><\/defs><title>lazada<\/title><path d=\"M650,500c0,26.22.26,52.43-.1,78.64-.18,13.88-2.5,27.51-10,39.6-10.59,17-25.9,26.8-45.63,30.1-12.23,2-24.51,1.58-36.79,1.59-45.06.05-90.12.16-135.19-.1-14.84-.08-29.26-2.71-42.06-11.08-14.72-9.63-24.19-23-27.59-40.2a138.93,138.93,0,0,1-2.45-26.07q-.33-75.6,0-151.22c.07-14,2.58-27.69,10.24-39.83,10.59-16.8,25.83-26.58,45.46-29.78,11.9-1.95,23.87-1.6,35.83-1.61,45.36,0,90.73-.12,136.09.11,12.73.06,25.3,2,36.8,8,17.81,9.41,28.75,24.09,33.06,43.75,2,9.2,2.42,18.52,2.39,27.91C649.92,453.23,650,476.62,650,500Zm-30.76-7.88h0c0-16-.07-32.06.05-48.09,0-4.17-1.49-7.06-5.11-9.15-13-7.49-26-15-38.85-22.69-3.94-2.35-7.27-2.24-11.19.14-12.65,7.67-25.28,15.42-38.29,22.45-15.69,8.48-31.87,8.63-47.6,0-12.86-7.09-25.48-14.64-38-22.25-4-2.43-7.41-2.62-11.48-.18-12.85,7.73-25.85,15.22-38.81,22.78a9.09,9.09,0,0,0-4.9,8.64q.14,48.08,0,96.16c0,4.47,1.83,7.06,5.49,9.14,21.35,12.14,42.64,24.39,64,36.56,14,8,28,15.86,42,23.85a10.5,10.5,0,0,0,11.62-.19c5.67-3.46,11.55-6.57,17.33-9.85q44.34-25.26,88.7-50.5c3.58-2,5.29-4.72,5.24-9C619.1,524,619.21,508,619.21,492.12Z\" transform=\"translate(-349.94 -350)\"><\/path><path class=\"cls-1\" d=\"M619.21,492.12c0,15.92-.11,31.85.07,47.77.05,4.3-1.66,7-5.24,9q-44.37,25.2-88.7,50.5c-5.78,3.28-11.66,6.39-17.33,9.85a10.5,10.5,0,0,1-11.62.19c-14-8-28-15.87-42-23.85-21.34-12.17-42.63-24.42-64-36.56-3.66-2.08-5.51-4.67-5.49-9.14q.24-48.07,0-96.16a9.09,9.09,0,0,1,4.9-8.64c13-7.56,26-15.05,38.81-22.78,4.07-2.44,7.45-2.25,11.48.18,12.56,7.61,25.18,15.16,38,22.25,15.73,8.66,31.91,8.51,47.6,0,13-7,25.64-14.78,38.29-22.45,3.92-2.38,7.25-2.49,11.19-.14,12.87,7.69,25.86,15.2,38.85,22.69,3.62,2.09,5.14,5,5.11,9.15-.12,16-.05,32.06-.05,48.09ZM511.87,524c.11,2.42.2,4.37.29,6.37H522.6V479H511.79v6.28a12.54,12.54,0,0,1-1.65-1c-8.17-7.58-18.72-8.65-28-2.81-11.66,7.3-15.82,24.09-9,36.7,9.06,16.74,29.14,16.68,37.31,6.55C510.63,524.42,511.08,524.35,511.87,524Zm16.9-35.31H555.7c-.93,1.31-1.43,2.12-2,2.84-7.36,8.81-14.49,17.83-22.2,26.32-3.58,3.93-3.38,8-2.93,12.43h41.92v-9.7H542.61c.64-1,.86-1.41,1.17-1.78,7.69-9.19,15.18-18.55,23.18-27.47,3.51-3.92,2.78-7.95,2.59-12.27H528.77Zm-59.86,41.71v-11c-6.72,0-13.25,0-19.78,0-4.7,0-4.13.39-4.14-4.29q0-21.63,0-43.26v-3.16H433.61v61.66Z\" transform=\"translate(-349.94 -350)\"><\/path><path d=\"M511.87,524c-.79.37-1.24.44-1.45.7-8.17,10.13-28.25,10.19-37.31-6.55-6.82-12.61-2.66-29.4,9-36.7,9.31-5.84,19.86-4.77,28,2.81a12.54,12.54,0,0,0,1.65,1V479H522.6v51.35H512.16C512.07,528.35,512,526.4,511.87,524Zm.85-19.19c0-9.78-6.61-16.9-15.79-16.91-9.34,0-15.86,6.84-15.9,16.73s6.64,17,15.74,17.09S512.69,514.46,512.72,504.79Z\" transform=\"translate(-349.94 -350)\"><\/path><path d=\"M528.77,488.67V479h40.78c.19,4.32.92,8.35-2.59,12.27-8,8.92-15.49,18.28-23.18,27.47-.31.37-.53.81-1.17,1.78h27.85v9.7H528.54c-.45-4.47-.65-8.5,2.93-12.43,7.71-8.49,14.84-17.51,22.2-26.32.6-.72,1.1-1.53,2-2.84Z\" transform=\"translate(-349.94 -350)\"><\/path><path d=\"M468.91,530.38h-35.3V468.72H445v3.16q0,21.63,0,43.26c0,4.68-.56,4.28,4.14,4.29,6.53,0,13.06,0,19.78,0Z\" transform=\"translate(-349.94 -350)\"><\/path><path class=\"cls-1\" d=\"M512.72,504.79c0,9.67-6.91,17-16,16.91S481,514.39,481,504.61s6.56-16.75,15.9-16.73C506.11,487.89,512.75,495,512.72,504.79Z\" transform=\"translate(-349.94 -350)\"><\/path><\/svg>\t\t\t\t\t<\/a>\n\t\t\t\t<\/span>\n\t\t\t\t\t<\/div>\n\t\t\t\t\t\t<\/div>\n\t\t\t\t<\/div>\n\t\t\t\t<\/div>\n\t\t\t\t\t<\/div>\n\t\t\t\t<\/div>\n\t\t<div class=\"elementor-element elementor-element-7e5327e e-flex e-con-boxed e-con e-parent\" data-id=\"7e5327e\" data-element_type=\"container\">\n\t\t\t\t\t<div class=\"e-con-inner\">\n\t\t<div class=\"elementor-element elementor-element-a5cd6c6 e-con-full e-flex e-con e-child\" data-id=\"a5cd6c6\" data-element_type=\"container\">\n\t\t\t\t<div class=\"elementor-element elementor-element-cb75962 elementor-position-top elementor-widget elementor-widget-image-box\" data-id=\"cb75962\" data-element_type=\"widget\" data-widget_type=\"image-box.default\">\n\t\t\t\t<div class=\"elementor-widget-container\">\n\t\t\t\t\t<div class=\"elementor-image-box-wrapper\"><figure class=\"elementor-image-box-img\"><img decoding=\"async\" width=\"120\" height=\"120\" src=\"https:\/\/3h-graphene.com\/wp-content\/uploads\/2018\/12\/globe-free-img.png\" class=\"attachment-full size-full wp-image-586\" alt=\"\" srcset=\"https:\/\/3h-graphene.com\/wp-content\/uploads\/2018\/12\/globe-free-img.png 120w, https:\/\/3h-graphene.com\/wp-content\/uploads\/2018\/12\/globe-free-img-100x100.png 100w\" sizes=\"(max-width: 120px) 100vw, 120px\" \/><\/figure><div class=\"elementor-image-box-content\"><h5 class=\"elementor-image-box-title\">Exp\u00e9dition dans le monde entier<\/h5><p class=\"elementor-image-box-description\">Livrer des produits dans le monde entier avec des services d'exp\u00e9dition fiables et efficaces pour garantir une arriv\u00e9e en temps voulu \u00e0 votre porte.<\/p><\/div><\/div>\t\t\t\t<\/div>\n\t\t\t\t<\/div>\n\t\t\t\t<\/div>\n\t\t<div class=\"elementor-element elementor-element-aedde58 e-con-full e-flex e-con e-child\" data-id=\"aedde58\" data-element_type=\"container\">\n\t\t\t\t<div class=\"elementor-element elementor-element-354e72a elementor-position-top elementor-widget elementor-widget-image-box\" data-id=\"354e72a\" data-element_type=\"widget\" data-widget_type=\"image-box.default\">\n\t\t\t\t<div class=\"elementor-widget-container\">\n\t\t\t\t\t<div class=\"elementor-image-box-wrapper\"><figure class=\"elementor-image-box-img\"><img decoding=\"async\" width=\"120\" height=\"120\" src=\"https:\/\/3h-graphene.com\/wp-content\/uploads\/2018\/12\/quality-free-img.png\" class=\"attachment-full size-full wp-image-588\" alt=\"\" srcset=\"https:\/\/3h-graphene.com\/wp-content\/uploads\/2018\/12\/quality-free-img.png 120w, https:\/\/3h-graphene.com\/wp-content\/uploads\/2018\/12\/quality-free-img-100x100.png 100w\" sizes=\"(max-width: 120px) 100vw, 120px\" \/><\/figure><div class=\"elementor-image-box-content\"><h5 class=\"elementor-image-box-title\">Meilleure qualit\u00e9<\/h5><p class=\"elementor-image-box-description\">Fournir des produits de premier ordre fabriqu\u00e9s avec des mat\u00e9riaux de premi\u00e8re qualit\u00e9 et un savoir-faire exceptionnel pour une satisfaction maximale du client.\n\n<\/p><\/div><\/div>\t\t\t\t<\/div>\n\t\t\t\t<\/div>\n\t\t\t\t<\/div>\n\t\t<div class=\"elementor-element elementor-element-dbc9b68 e-con-full e-flex e-con e-child\" data-id=\"dbc9b68\" data-element_type=\"container\">\n\t\t\t\t<div class=\"elementor-element elementor-element-6bef0f0 elementor-position-top elementor-widget elementor-widget-image-box\" data-id=\"6bef0f0\" data-element_type=\"widget\" data-widget_type=\"image-box.default\">\n\t\t\t\t<div class=\"elementor-widget-container\">\n\t\t\t\t\t<div class=\"elementor-image-box-wrapper\"><figure class=\"elementor-image-box-img\"><img loading=\"lazy\" decoding=\"async\" width=\"120\" height=\"120\" src=\"https:\/\/3h-graphene.com\/wp-content\/uploads\/2018\/12\/tag-free-img.png\" class=\"attachment-full size-full wp-image-589\" alt=\"\" srcset=\"https:\/\/3h-graphene.com\/wp-content\/uploads\/2018\/12\/tag-free-img.png 120w, https:\/\/3h-graphene.com\/wp-content\/uploads\/2018\/12\/tag-free-img-100x100.png 100w\" sizes=\"(max-width: 120px) 100vw, 120px\" \/><\/figure><div class=\"elementor-image-box-content\"><h5 class=\"elementor-image-box-title\">Meilleures offres<\/h5><p class=\"elementor-image-box-description\">Profitez d'offres et de r\u00e9ductions imbattables sur une large gamme de produits, rendant les articles de haute qualit\u00e9 plus abordables.\n\n<\/p><\/div><\/div>\t\t\t\t<\/div>\n\t\t\t\t<\/div>\n\t\t\t\t<\/div>\n\t\t<div class=\"elementor-element elementor-element-e16ff0a e-con-full e-flex e-con e-child\" data-id=\"e16ff0a\" data-element_type=\"container\">\n\t\t\t\t<div class=\"elementor-element elementor-element-5fcddda elementor-position-top elementor-widget elementor-widget-image-box\" data-id=\"5fcddda\" data-element_type=\"widget\" data-widget_type=\"image-box.default\">\n\t\t\t\t<div class=\"elementor-widget-container\">\n\t\t\t\t\t<div class=\"elementor-image-box-wrapper\"><figure class=\"elementor-image-box-img\"><img loading=\"lazy\" decoding=\"async\" width=\"120\" height=\"120\" src=\"https:\/\/3h-graphene.com\/wp-content\/uploads\/2018\/12\/lock-free-img.png\" class=\"attachment-full size-full wp-image-587\" alt=\"\" srcset=\"https:\/\/3h-graphene.com\/wp-content\/uploads\/2018\/12\/lock-free-img.png 120w, https:\/\/3h-graphene.com\/wp-content\/uploads\/2018\/12\/lock-free-img-100x100.png 100w\" sizes=\"(max-width: 120px) 100vw, 120px\" \/><\/figure><div class=\"elementor-image-box-content\"><h5 class=\"elementor-image-box-title\">Paiements s\u00e9curis\u00e9s<\/h5><p class=\"elementor-image-box-description\">Garantir des transactions s\u00fbres et crypt\u00e9es gr\u00e2ce \u00e0 des mesures de s\u00e9curit\u00e9 avanc\u00e9es pour prot\u00e9ger vos informations financi\u00e8res.\n\n\n<\/p><\/div><\/div>\t\t\t\t<\/div>\n\t\t\t\t<\/div>\n\t\t\t\t<\/div>\n\t\t\t\t\t<\/div>\n\t\t\t\t<\/div>\n\t\t\t\t<\/div>","protected":false},"excerpt":{"rendered":"<p>About Us Vision &#038; Mission Corporate Culture: Singapore 3H Technology Group emphasizes innovation, health, and responsibility. We believe in transforming cutting-edge technology into practical solutions to enhance global quality of life, promoting collaboration, continuous learning, and excellence. Core Values: Innovation: Leading in graphene and negative ion technology to advance human health. Health First: Providing safe, [&hellip;]<\/p>","protected":false},"author":1,"featured_media":0,"parent":0,"menu_order":0,"comment_status":"closed","ping_status":"closed","template":"","meta":{"site-sidebar-layout":"no-sidebar","site-content-layout":"page-builder","ast-site-content-layout":"full-width-container","site-content-style":"unboxed","site-sidebar-style":"unboxed","ast-global-header-display":"","ast-banner-title-visibility":"","ast-main-header-display":"","ast-hfb-above-header-display":"","ast-hfb-below-header-display":"","ast-hfb-mobile-header-display":"","site-post-title":"disabled","ast-breadcrumbs-content":"","ast-featured-img":"disabled","footer-sml-layout":"","theme-transparent-header-meta":"enabled","adv-header-id-meta":"","stick-header-meta":"","header-above-stick-meta":"","header-main-stick-meta":"","header-below-stick-meta":"","astra-migrate-meta-layouts":"set","ast-page-background-enabled":"default","ast-page-background-meta":{"desktop":{"background-color":"","background-image":"","background-repeat":"repeat","background-position":"center center","background-size":"auto","background-attachment":"scroll","background-type":"","background-media":"","overlay-type":"","overlay-color":"","overlay-opacity":"","overlay-gradient":""},"tablet":{"background-color":"","background-image":"","background-repeat":"repeat","background-position":"center center","background-size":"auto","background-attachment":"scroll","background-type":"","background-media":"","overlay-type":"","overlay-color":"","overlay-opacity":"","overlay-gradient":""},"mobile":{"background-color":"","background-image":"","background-repeat":"repeat","background-position":"center center","background-size":"auto","background-attachment":"scroll","background-type":"","background-media":"","overlay-type":"","overlay-color":"","overlay-opacity":"","overlay-gradient":""}},"ast-content-background-meta":{"desktop":{"background-color":"var(--ast-global-color-5)","background-image":"","background-repeat":"repeat","background-position":"center center","background-size":"auto","background-attachment":"scroll","background-type":"","background-media":"","overlay-type":"","overlay-color":"","overlay-opacity":"","overlay-gradient":""},"tablet":{"background-color":"var(--ast-global-color-5)","background-image":"","background-repeat":"repeat","background-position":"center center","background-size":"auto","background-attachment":"scroll","background-type":"","background-media":"","overlay-type":"","overlay-color":"","overlay-opacity":"","overlay-gradient":""},"mobile":{"background-color":"var(--ast-global-color-5)","background-image":"","background-repeat":"repeat","background-position":"center center","background-size":"auto","background-attachment":"scroll","background-type":"","background-media":"","overlay-type":"","overlay-color":"","overlay-opacity":"","overlay-gradient":""}},"footnotes":""},"class_list":["post-43","page","type-page","status-publish","hentry"],"_links":{"self":[{"href":"https:\/\/3h-graphene.com\/fr\/wp-json\/wp\/v2\/pages\/43"}],"collection":[{"href":"https:\/\/3h-graphene.com\/fr\/wp-json\/wp\/v2\/pages"}],"about":[{"href":"https:\/\/3h-graphene.com\/fr\/wp-json\/wp\/v2\/types\/page"}],"author":[{"embeddable":true,"href":"https:\/\/3h-graphene.com\/fr\/wp-json\/wp\/v2\/users\/1"}],"replies":[{"embeddable":true,"href":"https:\/\/3h-graphene.com\/fr\/wp-json\/wp\/v2\/comments?post=43"}],"version-history":[{"count":42,"href":"https:\/\/3h-graphene.com\/fr\/wp-json\/wp\/v2\/pages\/43\/revisions"}],"predecessor-version":[{"id":4760,"href":"https:\/\/3h-graphene.com\/fr\/wp-json\/wp\/v2\/pages\/43\/revisions\/4760"}],"wp:attachment":[{"href":"https:\/\/3h-graphene.com\/fr\/wp-json\/wp\/v2\/media?parent=43"}],"curies":[{"name":"wp","href":"https:\/\/api.w.org\/{rel}","templated":true}]}}